{"id":600,"date":"2022-05-31T08:14:35","date_gmt":"2022-05-31T06:14:35","guid":{"rendered":"https:\/\/rotor.pl\/?page_id=600"},"modified":"2023-08-04T10:49:30","modified_gmt":"2023-08-04T08:49:30","slug":"filtering","status":"publish","type":"page","link":"https:\/\/rotor.pl\/en\/services\/filtering\/","title":{"rendered":"Filtering"},"content":{"rendered":"<div data-elementor-type=\"wp-page\" data-elementor-id=\"600\" class=\"elementor elementor-600\" data-elementor-post-type=\"page\">\n\t\t\t\t\t\t<section class=\"elementor-section elementor-top-section elementor-element elementor-element-c998b02 elementor-reverse-mobile elementor-section-boxed elementor-section-height-default elementor-section-height-default\" data-id=\"c998b02\" data-element_type=\"section\">\n\t\t\t\t\t\t<div class=\"elementor-container elementor-column-gap-extended\">\n\t\t\t\t\t<div class=\"elementor-column elementor-col-100 elementor-top-column elementor-element elementor-element-d1d59ff\" data-id=\"d1d59ff\" data-element_type=\"column\">\n\t\t\t<div class=\"elementor-widget-wrap elementor-element-populated\">\n\t\t\t\t\t\t<div class=\"elementor-element elementor-element-9bb94f0 elementor-widget elementor-widget-heading\" data-id=\"9bb94f0\" data-element_type=\"widget\" data-widget_type=\"heading.default\">\n\t\t\t\t<div class=\"elementor-widget-container\">\n\t\t\t\t\t<h3 class=\"elementor-heading-title elementor-size-default\">Oil mist<br \/><small>What is it and why is it harmful?<\/small><\/h3>\t\t\t\t<\/div>\n\t\t\t\t<\/div>\n\t\t\t\t<div class=\"elementor-element elementor-element-3009e97 elementor-widget elementor-widget-text-editor\" data-id=\"3009e97\" data-element_type=\"widget\" data-widget_type=\"text-editor.default\">\n\t\t\t\t<div class=\"elementor-widget-container\">\n\t\t\t\t\t\t\t\t\t<p><strong>Oil mist<\/strong> is an oil sludge which is a side effect of the production process in industrial plants, otherwise oil mist is a highly harmful pollutant:<\/p>\t\t\t\t\t\t\t\t<\/div>\n\t\t\t\t<\/div>\n\t\t\t\t<div class=\"elementor-element elementor-element-aac8ba2 elementor-align-left elementor-icon-list--layout-traditional elementor-list-item-link-full_width elementor-widget elementor-widget-icon-list\" data-id=\"aac8ba2\" data-element_type=\"widget\" data-widget_type=\"icon-list.default\">\n\t\t\t\t<div class=\"elementor-widget-container\">\n\t\t\t\t\t\t\t<ul class=\"elementor-icon-list-items\">\n\t\t\t\t\t\t\t<li class=\"elementor-icon-list-item\">\n\t\t\t\t\t\t\t\t\t\t\t<span class=\"elementor-icon-list-icon\">\n\t\t\t\t\t\t\t<i aria-hidden=\"true\" class=\"fas fa-chevron-right\"><\/i>\t\t\t\t\t\t<\/span>\n\t\t\t\t\t\t\t\t\t\t<span class=\"elementor-icon-list-text\">Inhalation of oil mist <b>can cause lung disease<\/b>.<\/span>\n\t\t\t\t\t\t\t\t\t<\/li>\n\t\t\t\t\t\t\t\t<li class=\"elementor-icon-list-item\">\n\t\t\t\t\t\t\t\t\t\t\t<span class=\"elementor-icon-list-icon\">\n\t\t\t\t\t\t\t<i aria-hidden=\"true\" class=\"fas fa-chevron-right\"><\/i>\t\t\t\t\t\t<\/span>\n\t\t\t\t\t\t\t\t\t\t<span class=\"elementor-icon-list-text\"> Oil mist almost always <b>it settles in rooms<\/b>, on equipment and products. The slippery residue it leaves on the surfaces of floors and other devices can lead to <b>serious accidents<\/b>. <\/span>\n\t\t\t\t\t\t\t\t\t<\/li>\n\t\t\t\t\t\t\t\t<li class=\"elementor-icon-list-item\">\n\t\t\t\t\t\t\t\t\t\t\t<span class=\"elementor-icon-list-icon\">\n\t\t\t\t\t\t\t<i aria-hidden=\"true\" class=\"fas fa-chevron-right\"><\/i>\t\t\t\t\t\t<\/span>\n\t\t\t\t\t\t\t\t\t\t<span class=\"elementor-icon-list-text\">Contamination of electronic components can cause <b>crashes and performance degradation<\/b>.<\/span>\n\t\t\t\t\t\t\t\t\t<\/li>\n\t\t\t\t\t\t<\/ul>\n\t\t\t\t\t\t<\/div>\n\t\t\t\t<\/div>\n\t\t\t\t<div class=\"elementor-element elementor-element-0925710 elementor-widget elementor-widget-text-editor\" data-id=\"0925710\" data-element_type=\"widget\" data-widget_type=\"text-editor.default\">\n\t\t\t\t<div class=\"elementor-widget-container\">\n\t\t\t\t\t\t\t\t\t<p>However, oil mist filtration is not essential for the health and safety of a plant&#039;s employees alone. <br \/>Oil mist settling on various surfaces, including machines and devices, can damage electrical circuits <br \/>and switchgears, and consequently machine failures and costly downtime.<\/p><p><strong>Removal of oil mist in the workplace is essential for safety and cleanliness<\/strong> - filtration is necessary for this. Special filtering devices are used for this.<\/p>\t\t\t\t\t\t\t\t<\/div>\n\t\t\t\t<\/div>\n\t\t\t\t<div class=\"elementor-element elementor-element-8d9b064 elementor-widget elementor-widget-video\" data-id=\"8d9b064\" data-element_type=\"widget\" data-settings=\"{&quot;youtube_url&quot;:&quot;https:\\\/\\\/www.youtube.com\\\/watch?v=a_gdp6X0zfQ&quot;,&quot;mute&quot;:&quot;yes&quot;,&quot;video_type&quot;:&quot;youtube&quot;,&quot;controls&quot;:&quot;yes&quot;}\" data-widget_type=\"video.default\">\n\t\t\t\t<div class=\"elementor-widget-container\">\n\t\t\t\t\t\t\t<div class=\"elementor-wrapper elementor-open-inline\">\n\t\t\t<div class=\"elementor-video\"><\/div>\t\t<\/div>\n\t\t\t\t\t\t<\/div>\n\t\t\t\t<\/div>\n\t\t\t\t<div class=\"elementor-element elementor-element-4695b81 elementor-widget elementor-widget-image\" data-id=\"4695b81\" data-element_type=\"widget\" data-widget_type=\"image.default\">\n\t\t\t\t<div class=\"elementor-widget-container\">\n\t\t\t\t\t\t\t\t\t\t\t\t\t\t\t<img fetchpriority=\"high\" decoding=\"async\" width=\"801\" height=\"450\" src=\"https:\/\/rotor.pl\/wp-content\/uploads\/2023\/08\/filterm.jpg\" class=\"attachment-large size-large wp-image-2440\" alt=\"\" srcset=\"https:\/\/rotor.pl\/wp-content\/uploads\/2023\/08\/filterm.jpg 801w, https:\/\/rotor.pl\/wp-content\/uploads\/2023\/08\/filterm-420x236.jpg 420w, https:\/\/rotor.pl\/wp-content\/uploads\/2023\/08\/filterm-768x431.jpg 768w, https:\/\/rotor.pl\/wp-content\/uploads\/2023\/08\/filterm-18x10.jpg 18w\" sizes=\"(max-width: 801px) 100vw, 801px\" \/>\t\t\t\t\t\t\t\t\t\t\t\t\t\t\t<\/div>\n\t\t\t\t<\/div>\n\t\t\t\t<div class=\"elementor-element elementor-element-7992386 elementor-align-center elementor-mobile-align-center elementor-widget-mobile__width-inherit elementor-widget elementor-widget-button\" data-id=\"7992386\" data-element_type=\"widget\" data-widget_type=\"button.default\">\n\t\t\t\t<div class=\"elementor-widget-container\">\n\t\t\t\t\t\t\t\t\t<div class=\"elementor-button-wrapper\">\n\t\t\t\t\t<a class=\"elementor-button elementor-button-link elementor-size-sm elementor-animation-float\" href=\"https:\/\/rotor.pl\/wp-content\/uploads\/2022\/05\/filtermist-katalog.pdf\" target=\"_blank\">\n\t\t\t\t\t\t<span class=\"elementor-button-content-wrapper\">\n\t\t\t\t\t\t<span class=\"elementor-button-icon\">\n\t\t\t\t<i aria-hidden=\"true\" class=\"fas fa-arrow-alt-circle-down\"><\/i>\t\t\t<\/span>\n\t\t\t\t\t\t\t\t\t<span class=\"elementor-button-text\">See the filtermist directory<\/span>\n\t\t\t\t\t<\/span>\n\t\t\t\t\t<\/a>\n\t\t\t\t<\/div>\n\t\t\t\t\t\t\t\t<\/div>\n\t\t\t\t<\/div>\n\t\t\t\t\t<\/div>\n\t\t<\/div>\n\t\t\t\t\t<\/div>\n\t\t<\/section>\n\t\t\t\t<\/div>","protected":false},"excerpt":{"rendered":"<p>Oil mist What is it and why is it harmful? Oil mist is an oil sludge which is a by-product of the manufacturing process in industrial plants, otherwise oil mist is a highly harmful pollutant: Inhaling oil mist can cause lung disease. Oil mist almost always settles in rooms, equipment and products. It leaves a slippery sediment on the floor surfaces [...]<\/p>","protected":false},"author":2,"featured_media":602,"parent":20,"menu_order":0,"comment_status":"closed","ping_status":"closed","template":"","meta":{"footnotes":""},"class_list":["post-600","page","type-page","status-publish","has-post-thumbnail","hentry","entry","has-media"],"yoast_head":"<!-- This site is optimized with the Yoast SEO plugin v25.6 - https:\/\/yoast.com\/wordpress\/plugins\/seo\/ -->\n<title>Filtracja - ROTOR<\/title>\n<meta name=\"robots\" content=\"index, follow, max-snippet:-1, max-image-preview:large, max-video-preview:-1\" \/>\n<link rel=\"canonical\" href=\"https:\/\/rotor.pl\/en\/services\/filtering\/\" \/>\n<meta property=\"og:locale\" content=\"en_GB\" \/>\n<meta property=\"og:type\" content=\"article\" \/>\n<meta property=\"og:title\" content=\"Filtracja - ROTOR\" \/>\n<meta property=\"og:description\" content=\"Mg\u0142a olejowaCzym jest i dlaczego jest szkodliwa? Mg\u0142a olejowa to osad olejowy b\u0119d\u0105cy skutkiem ubocznym procesu produkcyjnego w zak\u0142adach przemys\u0142owych, inaczej mg\u0142a olejowa to zanieczyszczenie o wysokiej szkodliwo\u015bci: Wdychanie mg\u0142y olejowej mo\u017ce powodowa\u0107 choroby p\u0142uc. Mg\u0142a olejowa niemal zawsze osadza si\u0119 w pomieszczeniach, na sprz\u0119cie i produktach. Pozostawiany przez ni\u0105 \u015bliski osad na powierzchniach pod\u0142\u00f3g [&hellip;]\" \/>\n<meta property=\"og:url\" content=\"https:\/\/rotor.pl\/en\/services\/filtering\/\" \/>\n<meta property=\"og:site_name\" content=\"ROTOR\" \/>\n<meta property=\"article:modified_time\" content=\"2023-08-04T08:49:30+00:00\" \/>\n<meta property=\"og:image\" content=\"https:\/\/rotor.pl\/wp-content\/uploads\/2022\/05\/man-factory.webp\" \/>\n\t<meta property=\"og:image:width\" content=\"1800\" \/>\n\t<meta property=\"og:image:height\" content=\"1203\" \/>\n\t<meta property=\"og:image:type\" content=\"image\/webp\" \/>\n<meta name=\"twitter:card\" content=\"summary_large_image\" \/>\n<meta name=\"twitter:label1\" content=\"Estimated reading time\" \/>\n\t<meta name=\"twitter:data1\" content=\"1 minute\" \/>\n<script type=\"application\/ld+json\" class=\"yoast-schema-graph\">{\"@context\":\"https:\/\/schema.org\",\"@graph\":[{\"@type\":\"WebPage\",\"@id\":\"https:\/\/rotor.pl\/uslugi\/filtracja\/\",\"url\":\"https:\/\/rotor.pl\/uslugi\/filtracja\/\",\"name\":\"Filtracja - ROTOR\",\"isPartOf\":{\"@id\":\"https:\/\/rotor.pl\/#website\"},\"primaryImageOfPage\":{\"@id\":\"https:\/\/rotor.pl\/uslugi\/filtracja\/#primaryimage\"},\"image\":{\"@id\":\"https:\/\/rotor.pl\/uslugi\/filtracja\/#primaryimage\"},\"thumbnailUrl\":\"https:\/\/rotor.pl\/wp-content\/uploads\/2022\/05\/man-factory.webp\",\"datePublished\":\"2022-05-31T06:14:35+00:00\",\"dateModified\":\"2023-08-04T08:49:30+00:00\",\"breadcrumb\":{\"@id\":\"https:\/\/rotor.pl\/uslugi\/filtracja\/#breadcrumb\"},\"inLanguage\":\"en-GB\",\"potentialAction\":[{\"@type\":\"ReadAction\",\"target\":[\"https:\/\/rotor.pl\/uslugi\/filtracja\/\"]}]},{\"@type\":\"ImageObject\",\"inLanguage\":\"en-GB\",\"@id\":\"https:\/\/rotor.pl\/uslugi\/filtracja\/#primaryimage\",\"url\":\"https:\/\/rotor.pl\/wp-content\/uploads\/2022\/05\/man-factory.webp\",\"contentUrl\":\"https:\/\/rotor.pl\/wp-content\/uploads\/2022\/05\/man-factory.webp\",\"width\":1800,\"height\":1203},{\"@type\":\"BreadcrumbList\",\"@id\":\"https:\/\/rotor.pl\/uslugi\/filtracja\/#breadcrumb\",\"itemListElement\":[{\"@type\":\"ListItem\",\"position\":1,\"name\":\"Strona g\u0142\u00f3wna\",\"item\":\"https:\/\/rotor.pl\/\"},{\"@type\":\"ListItem\",\"position\":2,\"name\":\"Us\u0142ugi\",\"item\":\"https:\/\/rotor.pl\/uslugi\/\"},{\"@type\":\"ListItem\",\"position\":3,\"name\":\"Filtracja\"}]},{\"@type\":\"WebSite\",\"@id\":\"https:\/\/rotor.pl\/#website\",\"url\":\"https:\/\/rotor.pl\/\",\"name\":\"ROTOR\",\"description\":\"\",\"publisher\":{\"@id\":\"https:\/\/rotor.pl\/#organization\"},\"potentialAction\":[{\"@type\":\"SearchAction\",\"target\":{\"@type\":\"EntryPoint\",\"urlTemplate\":\"https:\/\/rotor.pl\/?s={search_term_string}\"},\"query-input\":{\"@type\":\"PropertyValueSpecification\",\"valueRequired\":true,\"valueName\":\"search_term_string\"}}],\"inLanguage\":\"en-GB\"},{\"@type\":\"Organization\",\"@id\":\"https:\/\/rotor.pl\/#organization\",\"name\":\"ROTOR\",\"url\":\"https:\/\/rotor.pl\/\",\"logo\":{\"@type\":\"ImageObject\",\"inLanguage\":\"en-GB\",\"@id\":\"https:\/\/rotor.pl\/#\/schema\/logo\/image\/\",\"url\":\"https:\/\/rotor.pl\/wp-content\/uploads\/2022\/06\/rotorfb.jpg\",\"contentUrl\":\"https:\/\/rotor.pl\/wp-content\/uploads\/2022\/06\/rotorfb.jpg\",\"width\":1200,\"height\":630,\"caption\":\"ROTOR\"},\"image\":{\"@id\":\"https:\/\/rotor.pl\/#\/schema\/logo\/image\/\"}}]}<\/script>\n<!-- \/ Yoast SEO plugin. -->","yoast_head_json":{"title":"Filtration - ROTOR","robots":{"index":"index","follow":"follow","max-snippet":"max-snippet:-1","max-image-preview":"max-image-preview:large","max-video-preview":"max-video-preview:-1"},"canonical":"https:\/\/rotor.pl\/en\/services\/filtering\/","og_locale":"en_GB","og_type":"article","og_title":"Filtracja - ROTOR","og_description":"Mg\u0142a olejowaCzym jest i dlaczego jest szkodliwa? Mg\u0142a olejowa to osad olejowy b\u0119d\u0105cy skutkiem ubocznym procesu produkcyjnego w zak\u0142adach przemys\u0142owych, inaczej mg\u0142a olejowa to zanieczyszczenie o wysokiej szkodliwo\u015bci: Wdychanie mg\u0142y olejowej mo\u017ce powodowa\u0107 choroby p\u0142uc. Mg\u0142a olejowa niemal zawsze osadza si\u0119 w pomieszczeniach, na sprz\u0119cie i produktach. Pozostawiany przez ni\u0105 \u015bliski osad na powierzchniach pod\u0142\u00f3g [&hellip;]","og_url":"https:\/\/rotor.pl\/en\/services\/filtering\/","og_site_name":"ROTOR","article_modified_time":"2023-08-04T08:49:30+00:00","og_image":[{"width":1800,"height":1203,"url":"https:\/\/rotor.pl\/wp-content\/uploads\/2022\/05\/man-factory.webp","type":"image\/webp"}],"twitter_card":"summary_large_image","twitter_misc":{"Estimated reading time":"1 minute"},"schema":{"@context":"https:\/\/schema.org","@graph":[{"@type":"WebPage","@id":"https:\/\/rotor.pl\/uslugi\/filtracja\/","url":"https:\/\/rotor.pl\/uslugi\/filtracja\/","name":"Filtration - ROTOR","isPartOf":{"@id":"https:\/\/rotor.pl\/#website"},"primaryImageOfPage":{"@id":"https:\/\/rotor.pl\/uslugi\/filtracja\/#primaryimage"},"image":{"@id":"https:\/\/rotor.pl\/uslugi\/filtracja\/#primaryimage"},"thumbnailUrl":"https:\/\/rotor.pl\/wp-content\/uploads\/2022\/05\/man-factory.webp","datePublished":"2022-05-31T06:14:35+00:00","dateModified":"2023-08-04T08:49:30+00:00","breadcrumb":{"@id":"https:\/\/rotor.pl\/uslugi\/filtracja\/#breadcrumb"},"inLanguage":"en-GB","potentialAction":[{"@type":"ReadAction","target":["https:\/\/rotor.pl\/uslugi\/filtracja\/"]}]},{"@type":"ImageObject","inLanguage":"en-GB","@id":"https:\/\/rotor.pl\/uslugi\/filtracja\/#primaryimage","url":"https:\/\/rotor.pl\/wp-content\/uploads\/2022\/05\/man-factory.webp","contentUrl":"https:\/\/rotor.pl\/wp-content\/uploads\/2022\/05\/man-factory.webp","width":1800,"height":1203},{"@type":"BreadcrumbList","@id":"https:\/\/rotor.pl\/uslugi\/filtracja\/#breadcrumb","itemListElement":[{"@type":"ListItem","position":1,"name":"Strona g\u0142\u00f3wna","item":"https:\/\/rotor.pl\/"},{"@type":"ListItem","position":2,"name":"Us\u0142ugi","item":"https:\/\/rotor.pl\/uslugi\/"},{"@type":"ListItem","position":3,"name":"Filtracja"}]},{"@type":"WebSite","@id":"https:\/\/rotor.pl\/#website","url":"https:\/\/rotor.pl\/","name":"ROTOR","description":"","publisher":{"@id":"https:\/\/rotor.pl\/#organization"},"potentialAction":[{"@type":"SearchAction","target":{"@type":"EntryPoint","urlTemplate":"https:\/\/rotor.pl\/?s={search_term_string}"},"query-input":{"@type":"PropertyValueSpecification","valueRequired":true,"valueName":"search_term_string"}}],"inLanguage":"en-GB"},{"@type":"Organization","@id":"https:\/\/rotor.pl\/#organization","name":"ROTOR","url":"https:\/\/rotor.pl\/","logo":{"@type":"ImageObject","inLanguage":"en-GB","@id":"https:\/\/rotor.pl\/#\/schema\/logo\/image\/","url":"https:\/\/rotor.pl\/wp-content\/uploads\/2022\/06\/rotorfb.jpg","contentUrl":"https:\/\/rotor.pl\/wp-content\/uploads\/2022\/06\/rotorfb.jpg","width":1200,"height":630,"caption":"ROTOR"},"image":{"@id":"https:\/\/rotor.pl\/#\/schema\/logo\/image\/"}}]}},"_links":{"self":[{"href":"https:\/\/rotor.pl\/en\/wp-json\/wp\/v2\/pages\/600","targetHints":{"allow":["GET"]}}],"collection":[{"href":"https:\/\/rotor.pl\/en\/wp-json\/wp\/v2\/pages"}],"about":[{"href":"https:\/\/rotor.pl\/en\/wp-json\/wp\/v2\/types\/page"}],"author":[{"embeddable":true,"href":"https:\/\/rotor.pl\/en\/wp-json\/wp\/v2\/users\/2"}],"replies":[{"embeddable":true,"href":"https:\/\/rotor.pl\/en\/wp-json\/wp\/v2\/comments?post=600"}],"version-history":[{"count":0,"href":"https:\/\/rotor.pl\/en\/wp-json\/wp\/v2\/pages\/600\/revisions"}],"up":[{"embeddable":true,"href":"https:\/\/rotor.pl\/en\/wp-json\/wp\/v2\/pages\/20"}],"wp:featuredmedia":[{"embeddable":true,"href":"https:\/\/rotor.pl\/en\/wp-json\/wp\/v2\/media\/602"}],"wp:attachment":[{"href":"https:\/\/rotor.pl\/en\/wp-json\/wp\/v2\/media?parent=600"}],"curies":[{"name":"wp","href":"https:\/\/api.w.org\/{rel}","templated":true}]}}