{"id":546,"date":"2022-05-27T14:21:52","date_gmt":"2022-05-27T12:21:52","guid":{"rendered":"https:\/\/rotor.pl\/?page_id=546"},"modified":"2022-06-09T14:53:21","modified_gmt":"2022-06-09T12:53:21","slug":"sharpening-room","status":"publish","type":"page","link":"https:\/\/rotor.pl\/en\/services\/sharpening-room\/","title":{"rendered":"The sharpening room"},"content":{"rendered":"<div data-elementor-type=\"wp-page\" data-elementor-id=\"546\" class=\"elementor elementor-546\" data-elementor-post-type=\"page\">\n\t\t\t\t\t\t<section class=\"elementor-section elementor-top-section elementor-element elementor-element-9c64456 elementor-reverse-mobile elementor-section-boxed elementor-section-height-default elementor-section-height-default\" data-id=\"9c64456\" data-element_type=\"section\">\n\t\t\t\t\t\t<div class=\"elementor-container elementor-column-gap-extended\">\n\t\t\t\t\t<div class=\"elementor-column elementor-col-100 elementor-top-column elementor-element elementor-element-dfa61f7\" data-id=\"dfa61f7\" data-element_type=\"column\">\n\t\t\t<div class=\"elementor-widget-wrap elementor-element-populated\">\n\t\t\t\t\t\t<div class=\"elementor-element elementor-element-70fa706 elementor-widget elementor-widget-heading\" data-id=\"70fa706\" data-element_type=\"widget\" data-widget_type=\"heading.default\">\n\t\t\t\t<div class=\"elementor-widget-container\">\n\t\t\t\t\t<h2 class=\"elementor-heading-title elementor-size-default\">Professional saw sharpening services <br \/>and carpentry tools<\/h2>\t\t\t\t<\/div>\n\t\t\t\t<\/div>\n\t\t\t\t<div class=\"elementor-element elementor-element-bd4dff7 elementor-widget elementor-widget-text-editor\" data-id=\"bd4dff7\" data-element_type=\"widget\" data-widget_type=\"text-editor.default\">\n\t\t\t\t<div class=\"elementor-widget-container\">\n\t\t\t\t\t\t\t\t\t<p>We work on professional grinders with the use of diamond and CBN tools.<\/p>\t\t\t\t\t\t\t\t<\/div>\n\t\t\t\t<\/div>\n\t\t\t\t<section class=\"elementor-section elementor-inner-section elementor-element elementor-element-e7c2ca0 tiles elementor-section-boxed elementor-section-height-default elementor-section-height-default\" data-id=\"e7c2ca0\" data-element_type=\"section\">\n\t\t\t\t\t\t<div class=\"elementor-container elementor-column-gap-no\">\n\t\t\t\t\t<div class=\"elementor-column elementor-col-50 elementor-inner-column elementor-element elementor-element-808c336\" data-id=\"808c336\" data-element_type=\"column\">\n\t\t\t<div class=\"elementor-widget-wrap elementor-element-populated\">\n\t\t\t\t\t\t<div class=\"elementor-element elementor-element-7edc7ca elementor-widget elementor-widget-heading\" data-id=\"7edc7ca\" data-element_type=\"widget\" data-widget_type=\"heading.default\">\n\t\t\t\t<div class=\"elementor-widget-container\">\n\t\t\t\t\t<h3 class=\"elementor-heading-title elementor-size-default\">We sharpen<\/h3>\t\t\t\t<\/div>\n\t\t\t\t<\/div>\n\t\t\t\t<div class=\"elementor-element elementor-element-9640eba elementor-icon-list--layout-traditional elementor-list-item-link-full_width elementor-widget elementor-widget-icon-list\" data-id=\"9640eba\" data-element_type=\"widget\" data-widget_type=\"icon-list.default\">\n\t\t\t\t<div class=\"elementor-widget-container\">\n\t\t\t\t\t\t\t<ul class=\"elementor-icon-list-items\">\n\t\t\t\t\t\t\t<li class=\"elementor-icon-list-item\">\n\t\t\t\t\t\t\t\t\t\t\t<span class=\"elementor-icon-list-icon\">\n\t\t\t\t\t\t\t<i aria-hidden=\"true\" class=\"fas fa-chevron-right\"><\/i>\t\t\t\t\t\t<\/span>\n\t\t\t\t\t\t\t\t\t\t<span class=\"elementor-icon-list-text\">carbide-tipped circular saws<\/span>\n\t\t\t\t\t\t\t\t\t<\/li>\n\t\t\t\t\t\t\t\t<li class=\"elementor-icon-list-item\">\n\t\t\t\t\t\t\t\t\t\t\t<span class=\"elementor-icon-list-icon\">\n\t\t\t\t\t\t\t<i aria-hidden=\"true\" class=\"fas fa-chevron-right\"><\/i>\t\t\t\t\t\t<\/span>\n\t\t\t\t\t\t\t\t\t\t<span class=\"elementor-icon-list-text\">band saws<\/span>\n\t\t\t\t\t\t\t\t\t<\/li>\n\t\t\t\t\t\t\t\t<li class=\"elementor-icon-list-item\">\n\t\t\t\t\t\t\t\t\t\t\t<span class=\"elementor-icon-list-icon\">\n\t\t\t\t\t\t\t<i aria-hidden=\"true\" class=\"fas fa-chevron-right\"><\/i>\t\t\t\t\t\t<\/span>\n\t\t\t\t\t\t\t\t\t\t<span class=\"elementor-icon-list-text\">end mills for wood<\/span>\n\t\t\t\t\t\t\t\t\t<\/li>\n\t\t\t\t\t\t\t\t<li class=\"elementor-icon-list-item\">\n\t\t\t\t\t\t\t\t\t\t\t<span class=\"elementor-icon-list-icon\">\n\t\t\t\t\t\t\t<i aria-hidden=\"true\" class=\"fas fa-chevron-right\"><\/i>\t\t\t\t\t\t<\/span>\n\t\t\t\t\t\t\t\t\t\t<span class=\"elementor-icon-list-text\">cutters for spindle moulders<\/span>\n\t\t\t\t\t\t\t\t\t<\/li>\n\t\t\t\t\t\t\t\t<li class=\"elementor-icon-list-item\">\n\t\t\t\t\t\t\t\t\t\t\t<span class=\"elementor-icon-list-icon\">\n\t\t\t\t\t\t\t<i aria-hidden=\"true\" class=\"fas fa-chevron-right\"><\/i>\t\t\t\t\t\t<\/span>\n\t\t\t\t\t\t\t\t\t\t<span class=\"elementor-icon-list-text\">circular cutters for cut-off machines<\/span>\n\t\t\t\t\t\t\t\t\t<\/li>\n\t\t\t\t\t\t\t\t<li class=\"elementor-icon-list-item\">\n\t\t\t\t\t\t\t\t\t\t\t<span class=\"elementor-icon-list-icon\">\n\t\t\t\t\t\t\t<i aria-hidden=\"true\" class=\"fas fa-chevron-right\"><\/i>\t\t\t\t\t\t<\/span>\n\t\t\t\t\t\t\t\t\t\t<span class=\"elementor-icon-list-text\">planer knives<\/span>\n\t\t\t\t\t\t\t\t\t<\/li>\n\t\t\t\t\t\t\t\t<li class=\"elementor-icon-list-item\">\n\t\t\t\t\t\t\t\t\t\t\t<span class=\"elementor-icon-list-icon\">\n\t\t\t\t\t\t\t<i aria-hidden=\"true\" class=\"fas fa-chevron-right\"><\/i>\t\t\t\t\t\t<\/span>\n\t\t\t\t\t\t\t\t\t\t<span class=\"elementor-icon-list-text\">cutters for heads<\/span>\n\t\t\t\t\t\t\t\t\t<\/li>\n\t\t\t\t\t\t\t\t<li class=\"elementor-icon-list-item\">\n\t\t\t\t\t\t\t\t\t\t\t<span class=\"elementor-icon-list-icon\">\n\t\t\t\t\t\t\t<i aria-hidden=\"true\" class=\"fas fa-chevron-right\"><\/i>\t\t\t\t\t\t<\/span>\n\t\t\t\t\t\t\t\t\t\t<span class=\"elementor-icon-list-text\">cutting accessories for chainsaws<\/span>\n\t\t\t\t\t\t\t\t\t<\/li>\n\t\t\t\t\t\t\t\t<li class=\"elementor-icon-list-item\">\n\t\t\t\t\t\t\t\t\t\t\t<span class=\"elementor-icon-list-icon\">\n\t\t\t\t\t\t\t<i aria-hidden=\"true\" class=\"fas fa-chevron-right\"><\/i>\t\t\t\t\t\t<\/span>\n\t\t\t\t\t\t\t\t\t\t<span class=\"elementor-icon-list-text\">kitchen knives<\/span>\n\t\t\t\t\t\t\t\t\t<\/li>\n\t\t\t\t\t\t<\/ul>\n\t\t\t\t\t\t<\/div>\n\t\t\t\t<\/div>\n\t\t\t\t\t<\/div>\n\t\t<\/div>\n\t\t\t\t<div class=\"elementor-column elementor-col-50 elementor-inner-column elementor-element elementor-element-f5a58c8\" data-id=\"f5a58c8\" data-element_type=\"column\">\n\t\t\t<div class=\"elementor-widget-wrap elementor-element-populated\">\n\t\t\t\t\t\t<div class=\"elementor-element elementor-element-1ffc7c6 elementor-widget elementor-widget-heading\" data-id=\"1ffc7c6\" data-element_type=\"widget\" data-widget_type=\"heading.default\">\n\t\t\t\t<div class=\"elementor-widget-container\">\n\t\t\t\t\t<h3 class=\"elementor-heading-title elementor-size-default\">We weld<\/h3>\t\t\t\t<\/div>\n\t\t\t\t<\/div>\n\t\t\t\t<div class=\"elementor-element elementor-element-3e2ad39 elementor-icon-list--layout-traditional elementor-list-item-link-full_width elementor-widget elementor-widget-icon-list\" data-id=\"3e2ad39\" data-element_type=\"widget\" data-widget_type=\"icon-list.default\">\n\t\t\t\t<div class=\"elementor-widget-container\">\n\t\t\t\t\t\t\t<ul class=\"elementor-icon-list-items\">\n\t\t\t\t\t\t\t<li class=\"elementor-icon-list-item\">\n\t\t\t\t\t\t\t\t\t\t\t<span class=\"elementor-icon-list-icon\">\n\t\t\t\t\t\t\t<i aria-hidden=\"true\" class=\"fas fa-chevron-right\"><\/i>\t\t\t\t\t\t<\/span>\n\t\t\t\t\t\t\t\t\t\t<span class=\"elementor-icon-list-text\">band saws for wood<\/span>\n\t\t\t\t\t\t\t\t\t<\/li>\n\t\t\t\t\t\t\t\t<li class=\"elementor-icon-list-item\">\n\t\t\t\t\t\t\t\t\t\t\t<span class=\"elementor-icon-list-icon\">\n\t\t\t\t\t\t\t<i aria-hidden=\"true\" class=\"fas fa-chevron-right\"><\/i>\t\t\t\t\t\t<\/span>\n\t\t\t\t\t\t\t\t\t\t<span class=\"elementor-icon-list-text\">bimetallic band saws for metals<\/span>\n\t\t\t\t\t\t\t\t\t<\/li>\n\t\t\t\t\t\t<\/ul>\n\t\t\t\t\t\t<\/div>\n\t\t\t\t<\/div>\n\t\t\t\t\t<\/div>\n\t\t<\/div>\n\t\t\t\t\t<\/div>\n\t\t<\/section>\n\t\t\t\t<div class=\"elementor-element elementor-element-3396965 elementor-widget elementor-widget-text-editor\" data-id=\"3396965\" data-element_type=\"widget\" data-widget_type=\"text-editor.default\">\n\t\t\t\t<div class=\"elementor-widget-container\">\n\t\t\t\t\t\t\t\t\t<p>We offer sharpening of carbide, high-speed steel and tool steel tools.<br \/>Our clients are both furniture factories and carpentry workshops.<\/p>\t\t\t\t\t\t\t\t<\/div>\n\t\t\t\t<\/div>\n\t\t\t\t<div class=\"elementor-element elementor-element-caed402 elementor-widget elementor-widget-video\" data-id=\"caed402\" data-element_type=\"widget\" data-settings=\"{&quot;youtube_url&quot;:&quot;https:\\\/\\\/youtu.be\\\/mmqSC7rbejA&quot;,&quot;video_type&quot;:&quot;youtube&quot;}\" data-widget_type=\"video.default\">\n\t\t\t\t<div class=\"elementor-widget-container\">\n\t\t\t\t\t\t\t<div class=\"elementor-wrapper elementor-open-inline\">\n\t\t\t<div class=\"elementor-video\"><\/div>\t\t<\/div>\n\t\t\t\t\t\t<\/div>\n\t\t\t\t<\/div>\n\t\t\t\t\t<\/div>\n\t\t<\/div>\n\t\t\t\t\t<\/div>\n\t\t<\/section>\n\t\t\t\t<\/div>","protected":false},"excerpt":{"rendered":"<p>Professional services of sharpening saws and carpentry tools. We work on professional grinders with the use of diamond and CBN tools. We sharpen carbide-tipped circular saws band saws wood shank cutters cutters for spindle moulders circular cutters cutters for planers blades for heads cutting equipment for saws kitchen knives We weld band saws for wood saws [...]<\/p>","protected":false},"author":2,"featured_media":170,"parent":20,"menu_order":0,"comment_status":"closed","ping_status":"closed","template":"","meta":{"footnotes":""},"class_list":["post-546","page","type-page","status-publish","has-post-thumbnail","hentry","entry","has-media"],"yoast_head":"<!-- This site is optimized with the Yoast SEO plugin v25.6 - https:\/\/yoast.com\/wordpress\/plugins\/seo\/ -->\n<title>Ostrzalnia - ROTOR<\/title>\n<meta name=\"robots\" content=\"index, follow, max-snippet:-1, max-image-preview:large, max-video-preview:-1\" \/>\n<link rel=\"canonical\" href=\"https:\/\/rotor.pl\/en\/services\/sharpening-room\/\" \/>\n<meta property=\"og:locale\" content=\"en_GB\" \/>\n<meta property=\"og:type\" content=\"article\" \/>\n<meta property=\"og:title\" content=\"Ostrzalnia - ROTOR\" \/>\n<meta property=\"og:description\" content=\"Profesjonalne us\u0142ugi ostrzenia pi\u0142 i narz\u0119dzi stolarskich Pracujemy na profesjonalnych szlifierkach z wykorzystaniem narz\u0119dzi diamentowych i borazonowych. Ostrzymy pi\u0142y tarczowe z w\u0119glikami spiekanymi pi\u0142y ta\u015bmowe frezy trzpieniowe do drewna frezy do frezarek dolnowrzecionowych frezy tarczowe do przecinarek no\u017ce do strugarek no\u017cyki do g\u0142owic osprz\u0119t tn\u0105cy do pilarek no\u017ce kuchenne Zgrzewamy pi\u0142y ta\u015bmowe do drewna pi\u0142y [&hellip;]\" \/>\n<meta property=\"og:url\" content=\"https:\/\/rotor.pl\/en\/services\/sharpening-room\/\" \/>\n<meta property=\"og:site_name\" content=\"ROTOR\" \/>\n<meta property=\"article:modified_time\" content=\"2022-06-09T12:53:21+00:00\" \/>\n<meta property=\"og:image\" content=\"https:\/\/rotor.pl\/wp-content\/uploads\/2022\/04\/circular-saws.jpg\" \/>\n\t<meta property=\"og:image:width\" content=\"2000\" \/>\n\t<meta property=\"og:image:height\" content=\"1339\" \/>\n\t<meta property=\"og:image:type\" content=\"image\/jpeg\" \/>\n<meta name=\"twitter:card\" content=\"summary_large_image\" \/>\n<meta name=\"twitter:label1\" content=\"Estimated reading time\" \/>\n\t<meta name=\"twitter:data1\" content=\"1 minute\" \/>\n<script type=\"application\/ld+json\" class=\"yoast-schema-graph\">{\"@context\":\"https:\/\/schema.org\",\"@graph\":[{\"@type\":\"WebPage\",\"@id\":\"https:\/\/rotor.pl\/uslugi\/ostrzalnia\/\",\"url\":\"https:\/\/rotor.pl\/uslugi\/ostrzalnia\/\",\"name\":\"Ostrzalnia - ROTOR\",\"isPartOf\":{\"@id\":\"https:\/\/rotor.pl\/#website\"},\"primaryImageOfPage\":{\"@id\":\"https:\/\/rotor.pl\/uslugi\/ostrzalnia\/#primaryimage\"},\"image\":{\"@id\":\"https:\/\/rotor.pl\/uslugi\/ostrzalnia\/#primaryimage\"},\"thumbnailUrl\":\"https:\/\/rotor.pl\/wp-content\/uploads\/2022\/04\/circular-saws.jpg\",\"datePublished\":\"2022-05-27T12:21:52+00:00\",\"dateModified\":\"2022-06-09T12:53:21+00:00\",\"breadcrumb\":{\"@id\":\"https:\/\/rotor.pl\/uslugi\/ostrzalnia\/#breadcrumb\"},\"inLanguage\":\"en-GB\",\"potentialAction\":[{\"@type\":\"ReadAction\",\"target\":[\"https:\/\/rotor.pl\/uslugi\/ostrzalnia\/\"]}]},{\"@type\":\"ImageObject\",\"inLanguage\":\"en-GB\",\"@id\":\"https:\/\/rotor.pl\/uslugi\/ostrzalnia\/#primaryimage\",\"url\":\"https:\/\/rotor.pl\/wp-content\/uploads\/2022\/04\/circular-saws.jpg\",\"contentUrl\":\"https:\/\/rotor.pl\/wp-content\/uploads\/2022\/04\/circular-saws.jpg\",\"width\":2000,\"height\":1339,\"caption\":\"Ostrza do pi\u0142\"},{\"@type\":\"BreadcrumbList\",\"@id\":\"https:\/\/rotor.pl\/uslugi\/ostrzalnia\/#breadcrumb\",\"itemListElement\":[{\"@type\":\"ListItem\",\"position\":1,\"name\":\"Strona g\u0142\u00f3wna\",\"item\":\"https:\/\/rotor.pl\/\"},{\"@type\":\"ListItem\",\"position\":2,\"name\":\"Us\u0142ugi\",\"item\":\"https:\/\/rotor.pl\/uslugi\/\"},{\"@type\":\"ListItem\",\"position\":3,\"name\":\"Ostrzalnia\"}]},{\"@type\":\"WebSite\",\"@id\":\"https:\/\/rotor.pl\/#website\",\"url\":\"https:\/\/rotor.pl\/\",\"name\":\"ROTOR\",\"description\":\"\",\"publisher\":{\"@id\":\"https:\/\/rotor.pl\/#organization\"},\"potentialAction\":[{\"@type\":\"SearchAction\",\"target\":{\"@type\":\"EntryPoint\",\"urlTemplate\":\"https:\/\/rotor.pl\/?s={search_term_string}\"},\"query-input\":{\"@type\":\"PropertyValueSpecification\",\"valueRequired\":true,\"valueName\":\"search_term_string\"}}],\"inLanguage\":\"en-GB\"},{\"@type\":\"Organization\",\"@id\":\"https:\/\/rotor.pl\/#organization\",\"name\":\"ROTOR\",\"url\":\"https:\/\/rotor.pl\/\",\"logo\":{\"@type\":\"ImageObject\",\"inLanguage\":\"en-GB\",\"@id\":\"https:\/\/rotor.pl\/#\/schema\/logo\/image\/\",\"url\":\"https:\/\/rotor.pl\/wp-content\/uploads\/2022\/06\/rotorfb.jpg\",\"contentUrl\":\"https:\/\/rotor.pl\/wp-content\/uploads\/2022\/06\/rotorfb.jpg\",\"width\":1200,\"height\":630,\"caption\":\"ROTOR\"},\"image\":{\"@id\":\"https:\/\/rotor.pl\/#\/schema\/logo\/image\/\"}}]}<\/script>\n<!-- \/ Yoast SEO plugin. -->","yoast_head_json":{"title":"Sharpening room - ROTOR","robots":{"index":"index","follow":"follow","max-snippet":"max-snippet:-1","max-image-preview":"max-image-preview:large","max-video-preview":"max-video-preview:-1"},"canonical":"https:\/\/rotor.pl\/en\/services\/sharpening-room\/","og_locale":"en_GB","og_type":"article","og_title":"Ostrzalnia - ROTOR","og_description":"Profesjonalne us\u0142ugi ostrzenia pi\u0142 i narz\u0119dzi stolarskich Pracujemy na profesjonalnych szlifierkach z wykorzystaniem narz\u0119dzi diamentowych i borazonowych. Ostrzymy pi\u0142y tarczowe z w\u0119glikami spiekanymi pi\u0142y ta\u015bmowe frezy trzpieniowe do drewna frezy do frezarek dolnowrzecionowych frezy tarczowe do przecinarek no\u017ce do strugarek no\u017cyki do g\u0142owic osprz\u0119t tn\u0105cy do pilarek no\u017ce kuchenne Zgrzewamy pi\u0142y ta\u015bmowe do drewna pi\u0142y [&hellip;]","og_url":"https:\/\/rotor.pl\/en\/services\/sharpening-room\/","og_site_name":"ROTOR","article_modified_time":"2022-06-09T12:53:21+00:00","og_image":[{"width":2000,"height":1339,"url":"https:\/\/rotor.pl\/wp-content\/uploads\/2022\/04\/circular-saws.jpg","type":"image\/jpeg"}],"twitter_card":"summary_large_image","twitter_misc":{"Estimated reading time":"1 minute"},"schema":{"@context":"https:\/\/schema.org","@graph":[{"@type":"WebPage","@id":"https:\/\/rotor.pl\/uslugi\/ostrzalnia\/","url":"https:\/\/rotor.pl\/uslugi\/ostrzalnia\/","name":"Sharpening room - ROTOR","isPartOf":{"@id":"https:\/\/rotor.pl\/#website"},"primaryImageOfPage":{"@id":"https:\/\/rotor.pl\/uslugi\/ostrzalnia\/#primaryimage"},"image":{"@id":"https:\/\/rotor.pl\/uslugi\/ostrzalnia\/#primaryimage"},"thumbnailUrl":"https:\/\/rotor.pl\/wp-content\/uploads\/2022\/04\/circular-saws.jpg","datePublished":"2022-05-27T12:21:52+00:00","dateModified":"2022-06-09T12:53:21+00:00","breadcrumb":{"@id":"https:\/\/rotor.pl\/uslugi\/ostrzalnia\/#breadcrumb"},"inLanguage":"en-GB","potentialAction":[{"@type":"ReadAction","target":["https:\/\/rotor.pl\/uslugi\/ostrzalnia\/"]}]},{"@type":"ImageObject","inLanguage":"en-GB","@id":"https:\/\/rotor.pl\/uslugi\/ostrzalnia\/#primaryimage","url":"https:\/\/rotor.pl\/wp-content\/uploads\/2022\/04\/circular-saws.jpg","contentUrl":"https:\/\/rotor.pl\/wp-content\/uploads\/2022\/04\/circular-saws.jpg","width":2000,"height":1339,"caption":"Ostrza do pi\u0142"},{"@type":"BreadcrumbList","@id":"https:\/\/rotor.pl\/uslugi\/ostrzalnia\/#breadcrumb","itemListElement":[{"@type":"ListItem","position":1,"name":"Strona g\u0142\u00f3wna","item":"https:\/\/rotor.pl\/"},{"@type":"ListItem","position":2,"name":"Us\u0142ugi","item":"https:\/\/rotor.pl\/uslugi\/"},{"@type":"ListItem","position":3,"name":"Ostrzalnia"}]},{"@type":"WebSite","@id":"https:\/\/rotor.pl\/#website","url":"https:\/\/rotor.pl\/","name":"ROTOR","description":"","publisher":{"@id":"https:\/\/rotor.pl\/#organization"},"potentialAction":[{"@type":"SearchAction","target":{"@type":"EntryPoint","urlTemplate":"https:\/\/rotor.pl\/?s={search_term_string}"},"query-input":{"@type":"PropertyValueSpecification","valueRequired":true,"valueName":"search_term_string"}}],"inLanguage":"en-GB"},{"@type":"Organization","@id":"https:\/\/rotor.pl\/#organization","name":"ROTOR","url":"https:\/\/rotor.pl\/","logo":{"@type":"ImageObject","inLanguage":"en-GB","@id":"https:\/\/rotor.pl\/#\/schema\/logo\/image\/","url":"https:\/\/rotor.pl\/wp-content\/uploads\/2022\/06\/rotorfb.jpg","contentUrl":"https:\/\/rotor.pl\/wp-content\/uploads\/2022\/06\/rotorfb.jpg","width":1200,"height":630,"caption":"ROTOR"},"image":{"@id":"https:\/\/rotor.pl\/#\/schema\/logo\/image\/"}}]}},"_links":{"self":[{"href":"https:\/\/rotor.pl\/en\/wp-json\/wp\/v2\/pages\/546","targetHints":{"allow":["GET"]}}],"collection":[{"href":"https:\/\/rotor.pl\/en\/wp-json\/wp\/v2\/pages"}],"about":[{"href":"https:\/\/rotor.pl\/en\/wp-json\/wp\/v2\/types\/page"}],"author":[{"embeddable":true,"href":"https:\/\/rotor.pl\/en\/wp-json\/wp\/v2\/users\/2"}],"replies":[{"embeddable":true,"href":"https:\/\/rotor.pl\/en\/wp-json\/wp\/v2\/comments?post=546"}],"version-history":[{"count":0,"href":"https:\/\/rotor.pl\/en\/wp-json\/wp\/v2\/pages\/546\/revisions"}],"up":[{"embeddable":true,"href":"https:\/\/rotor.pl\/en\/wp-json\/wp\/v2\/pages\/20"}],"wp:featuredmedia":[{"embeddable":true,"href":"https:\/\/rotor.pl\/en\/wp-json\/wp\/v2\/media\/170"}],"wp:attachment":[{"href":"https:\/\/rotor.pl\/en\/wp-json\/wp\/v2\/media?parent=546"}],"curies":[{"name":"wp","href":"https:\/\/api.w.org\/{rel}","templated":true}]}}